{"id":28267,"date":"2017-09-11T19:46:11","date_gmt":"2017-09-11T17:46:11","guid":{"rendered":"http:\/\/www.ingmarflashaar.com\/legal-informations\/"},"modified":"2017-09-11T19:48:42","modified_gmt":"2017-09-11T17:48:42","slug":"legal-informations","status":"publish","type":"page","link":"https:\/\/dergoldeneklang.net\/en\/legal-informations\/","title":{"rendered":"Legal informations"},"content":{"rendered":"<p>[et_pb_section bb_built=&#8221;1&#8243; admin_label=&#8221;section&#8221;][et_pb_row admin_label=&#8221;row&#8221; background_position=&#8221;top_left&#8221; background_repeat=&#8221;repeat&#8221; background_size=&#8221;initial&#8221;][et_pb_column type=&#8221;4_4&#8243;][et_pb_text background_layout=&#8221;light&#8221; text_orientation=&#8221;left&#8221; text_font=&#8221;Abel||||&#8221; use_border_color=&#8221;off&#8221; border_color=&#8221;#ffffff&#8221; border_style=&#8221;solid&#8221; text_line_height=&#8221;1.8em&#8221; background_position=&#8221;top_left&#8221; background_repeat=&#8221;repeat&#8221; background_size=&#8221;initial&#8221;]<\/p>\n<p><strong>Flashaar GmbH<\/strong><br \/>\nDiesterweggasse 14<br \/>\n1140 Wien<br \/>\nFon: +43 699 1912 07 12<br \/>\nMail: office@dergoldeneklang.net<\/p>\n<p>Gesch\u00e4ftsf\u00fchrer: Ingmar Flashaar<br \/>\nHandelsgericht Wien: Firmenbuchnummer: FN 462939v<br \/>\nUID: ATU71833368<\/p>\n<p><strong>Haftungshinweis:<\/strong><br \/>\nTrotz sorgf\u00e4ltiger inhaltlicher Kontrolle \u00fcbernehmen wir keine Haftung f\u00fcr die Inhalte externer Links. F\u00fcr den Inhalt der verlinkten Seiten sind ausschlie\u00dflich deren Betreiber verantwortlich.<\/p>\n<p>[\/et_pb_text][\/et_pb_column][\/et_pb_row][\/et_pb_section]<\/p>\n<span class=\"et_bloom_bottom_trigger\"><\/span>","protected":false},"excerpt":{"rendered":"<p>Flashaar GmbH Diesterweggasse 14 1140 Wien Fon: +43 699 1912 07 12 Mail: office@dergoldeneklang.net Gesch\u00e4ftsf\u00fchrer: Ingmar Flashaar Handelsgericht Wien: Firmenbuchnummer: FN 462939v UID: ATU71833368 Haftungshinweis: Trotz sorgf\u00e4ltiger inhaltlicher Kontrolle \u00fcbernehmen wir keine Haftung f\u00fcr die Inhalte externer Links. F\u00fcr den Inhalt der verlinkten Seiten sind ausschlie\u00dflich deren Betreiber verantwortlich.<\/p>\n","protected":false},"author":1,"featured_media":0,"parent":0,"menu_order":0,"comment_status":"closed","ping_status":"closed","template":"page-template-blank.php","meta":{"_et_pb_use_builder":"on","_et_pb_old_content":"<strong>Flashaar GmbH<\/strong>\r\nDiesterweggasse 14\r\n1140 Wien\r\nFon: +43 699 1912 07 12\r\nMail: office@dergoldeneklang.net\r\n\r\nGesch\u00e4ftsf\u00fchrer: Ingmar Falshaar\r\nHandelsgericht Wien: Firmenbuchnummer:FN 462939v\r\nUID: ATU71833368\r\n\r\n<strong>Haftungshinweis:<\/strong>\r\nTrotz sorgf\u00e4ltiger inhaltlicher Kontrolle \u00fcbernehmen wir keine Haftung f\u00fcr die Inhalte externer Links. F\u00fcr den Inhalt der verlinkten Seiten sind auschlie\u00dflich deren Betreiber verantwortlich.","_et_gb_content_width":"","footnotes":""},"class_list":["post-28267","page","type-page","status-publish","hentry"],"yoast_head":"<!-- This site is optimized with the Yoast SEO plugin v27.4 - https:\/\/yoast.com\/product\/yoast-seo-wordpress\/ -->\n<title>Legal informations - Ingmar Flashaar - Der goldene Klang<\/title>\n<meta name=\"robots\" content=\"index, follow, max-snippet:-1, max-image-preview:large, max-video-preview:-1\" \/>\n<link rel=\"canonical\" href=\"https:\/\/dergoldeneklang.net\/en\/legal-informations\/\" \/>\n<meta property=\"og:locale\" content=\"en_US\" \/>\n<meta property=\"og:type\" content=\"article\" \/>\n<meta property=\"og:title\" content=\"Legal informations - Ingmar Flashaar - Der goldene Klang\" \/>\n<meta property=\"og:description\" content=\"Flashaar GmbH Diesterweggasse 14 1140 Wien Fon: +43 699 1912 07 12 Mail: office@dergoldeneklang.net Gesch\u00e4ftsf\u00fchrer: Ingmar Flashaar Handelsgericht Wien: Firmenbuchnummer: FN 462939v UID: ATU71833368 Haftungshinweis: Trotz sorgf\u00e4ltiger inhaltlicher Kontrolle \u00fcbernehmen wir keine Haftung f\u00fcr die Inhalte externer Links. F\u00fcr den Inhalt der verlinkten Seiten sind ausschlie\u00dflich deren Betreiber verantwortlich.\" \/>\n<meta property=\"og:url\" content=\"https:\/\/dergoldeneklang.net\/en\/legal-informations\/\" \/>\n<meta property=\"og:site_name\" content=\"Ingmar Flashaar - Der goldene Klang\" \/>\n<meta property=\"article:modified_time\" content=\"2017-09-11T17:48:42+00:00\" \/>\n<meta name=\"twitter:card\" content=\"summary_large_image\" \/>\n<meta name=\"twitter:label1\" content=\"Est. reading time\" \/>\n\t<meta name=\"twitter:data1\" content=\"1 minute\" \/>\n<script type=\"application\/ld+json\" class=\"yoast-schema-graph\">{\"@context\":\"https:\\\/\\\/schema.org\",\"@graph\":[{\"@type\":\"WebPage\",\"@id\":\"https:\\\/\\\/dergoldeneklang.net\\\/en\\\/legal-informations\\\/\",\"url\":\"https:\\\/\\\/dergoldeneklang.net\\\/en\\\/legal-informations\\\/\",\"name\":\"Legal informations - Ingmar Flashaar - Der goldene Klang\",\"isPartOf\":{\"@id\":\"https:\\\/\\\/dergoldeneklang.net\\\/#website\"},\"datePublished\":\"2017-09-11T17:46:11+00:00\",\"dateModified\":\"2017-09-11T17:48:42+00:00\",\"breadcrumb\":{\"@id\":\"https:\\\/\\\/dergoldeneklang.net\\\/en\\\/legal-informations\\\/#breadcrumb\"},\"inLanguage\":\"en-US\",\"potentialAction\":[{\"@type\":\"ReadAction\",\"target\":[\"https:\\\/\\\/dergoldeneklang.net\\\/en\\\/legal-informations\\\/\"]}]},{\"@type\":\"BreadcrumbList\",\"@id\":\"https:\\\/\\\/dergoldeneklang.net\\\/en\\\/legal-informations\\\/#breadcrumb\",\"itemListElement\":[{\"@type\":\"ListItem\",\"position\":1,\"name\":\"Startseite\",\"item\":\"https:\\\/\\\/dergoldeneklang.net\\\/\"},{\"@type\":\"ListItem\",\"position\":2,\"name\":\"Legal informations\"}]},{\"@type\":\"WebSite\",\"@id\":\"https:\\\/\\\/dergoldeneklang.net\\\/#website\",\"url\":\"https:\\\/\\\/dergoldeneklang.net\\\/\",\"name\":\"Ingmar Flashaar - Der goldene Klang\",\"description\":\"exellence f\u00fcr music\",\"potentialAction\":[{\"@type\":\"SearchAction\",\"target\":{\"@type\":\"EntryPoint\",\"urlTemplate\":\"https:\\\/\\\/dergoldeneklang.net\\\/?s={search_term_string}\"},\"query-input\":{\"@type\":\"PropertyValueSpecification\",\"valueRequired\":true,\"valueName\":\"search_term_string\"}}],\"inLanguage\":\"en-US\"}]}<\/script>\n<!-- \/ Yoast SEO plugin. -->","yoast_head_json":{"title":"Legal informations - Ingmar Flashaar - Der goldene Klang","robots":{"index":"index","follow":"follow","max-snippet":"max-snippet:-1","max-image-preview":"max-image-preview:large","max-video-preview":"max-video-preview:-1"},"canonical":"https:\/\/dergoldeneklang.net\/en\/legal-informations\/","og_locale":"en_US","og_type":"article","og_title":"Legal informations - Ingmar Flashaar - Der goldene Klang","og_description":"Flashaar GmbH Diesterweggasse 14 1140 Wien Fon: +43 699 1912 07 12 Mail: office@dergoldeneklang.net Gesch\u00e4ftsf\u00fchrer: Ingmar Flashaar Handelsgericht Wien: Firmenbuchnummer: FN 462939v UID: ATU71833368 Haftungshinweis: Trotz sorgf\u00e4ltiger inhaltlicher Kontrolle \u00fcbernehmen wir keine Haftung f\u00fcr die Inhalte externer Links. F\u00fcr den Inhalt der verlinkten Seiten sind ausschlie\u00dflich deren Betreiber verantwortlich.","og_url":"https:\/\/dergoldeneklang.net\/en\/legal-informations\/","og_site_name":"Ingmar Flashaar - Der goldene Klang","article_modified_time":"2017-09-11T17:48:42+00:00","twitter_card":"summary_large_image","twitter_misc":{"Est. reading time":"1 minute"},"schema":{"@context":"https:\/\/schema.org","@graph":[{"@type":"WebPage","@id":"https:\/\/dergoldeneklang.net\/en\/legal-informations\/","url":"https:\/\/dergoldeneklang.net\/en\/legal-informations\/","name":"Legal informations - Ingmar Flashaar - Der goldene Klang","isPartOf":{"@id":"https:\/\/dergoldeneklang.net\/#website"},"datePublished":"2017-09-11T17:46:11+00:00","dateModified":"2017-09-11T17:48:42+00:00","breadcrumb":{"@id":"https:\/\/dergoldeneklang.net\/en\/legal-informations\/#breadcrumb"},"inLanguage":"en-US","potentialAction":[{"@type":"ReadAction","target":["https:\/\/dergoldeneklang.net\/en\/legal-informations\/"]}]},{"@type":"BreadcrumbList","@id":"https:\/\/dergoldeneklang.net\/en\/legal-informations\/#breadcrumb","itemListElement":[{"@type":"ListItem","position":1,"name":"Startseite","item":"https:\/\/dergoldeneklang.net\/"},{"@type":"ListItem","position":2,"name":"Legal informations"}]},{"@type":"WebSite","@id":"https:\/\/dergoldeneklang.net\/#website","url":"https:\/\/dergoldeneklang.net\/","name":"Ingmar Flashaar - Der goldene Klang","description":"exellence f\u00fcr music","potentialAction":[{"@type":"SearchAction","target":{"@type":"EntryPoint","urlTemplate":"https:\/\/dergoldeneklang.net\/?s={search_term_string}"},"query-input":{"@type":"PropertyValueSpecification","valueRequired":true,"valueName":"search_term_string"}}],"inLanguage":"en-US"}]}},"_links":{"self":[{"href":"https:\/\/dergoldeneklang.net\/en\/wp-json\/wp\/v2\/pages\/28267\/"}],"collection":[{"href":"https:\/\/dergoldeneklang.net\/en\/wp-json\/wp\/v2\/pages\/"}],"about":[{"href":"https:\/\/dergoldeneklang.net\/en\/wp-json\/wp\/v2\/types\/page\/"}],"author":[{"embeddable":true,"href":"https:\/\/dergoldeneklang.net\/en\/wp-json\/wp\/v2\/users\/1\/"}],"replies":[{"embeddable":true,"href":"https:\/\/dergoldeneklang.net\/en\/wp-json\/wp\/v2\/comments\/?post=28267"}],"version-history":[{"count":3,"href":"https:\/\/dergoldeneklang.net\/en\/wp-json\/wp\/v2\/pages\/28267\/revisions\/"}],"predecessor-version":[{"id":28270,"href":"https:\/\/dergoldeneklang.net\/en\/wp-json\/wp\/v2\/pages\/28267\/revisions\/28270\/"}],"wp:attachment":[{"href":"https:\/\/dergoldeneklang.net\/en\/wp-json\/wp\/v2\/media\/?parent=28267"}],"curies":[{"name":"wp","href":"https:\/\/api.w.org\/{rel}","templated":true}]}}